{"id":98,"date":"2022-09-05T12:52:06","date_gmt":"2022-09-05T12:52:06","guid":{"rendered":"https:\/\/amag.com.es\/?page_id=98"},"modified":"2022-09-05T12:54:10","modified_gmt":"2022-09-05T12:54:10","slug":"personalizacion","status":"publish","type":"page","link":"https:\/\/amag.com.es\/index.php\/personalizacion\/","title":{"rendered":"Personalizaci\u00f3n"},"content":{"rendered":"\n<p>Otro de los puntos identificativos para nuestros clientes es la personalizaci\u00f3n de la prenda consiguiendo plasmar sobre el tejido el dise\u00f1o creado para cada colecci\u00f3n, utilizando la mejor t\u00e9cnica de personalizaci\u00f3n que precise la prenda y que prefiera el cliente (sublimaci\u00f3n, serigraf\u00eda, transfer, bordado, etc\u2026)<\/p>\n","protected":false},"excerpt":{"rendered":"<p>Otro de los puntos identificativos para nuestros clientes es la personalizaci\u00f3n de la prenda consiguiendo plasmar sobre el tejido el dise\u00f1o creado para cada colecci\u00f3n, utilizando la mejor t\u00e9cnica de personalizaci\u00f3n que precise la prenda y que prefiera el cliente (sublimaci\u00f3n, serigraf\u00eda, transfer, bordado, etc\u2026)<\/p>\n","protected":false},"author":1,"featured_media":99,"parent":0,"menu_order":0,"comment_status":"closed","ping_status":"closed","template":"","meta":{"om_disable_all_campaigns":false,"_mi_skip_tracking":false,"_monsterinsights_sitenote_active":false,"_monsterinsights_sitenote_note":"","_monsterinsights_sitenote_category":0,"footnotes":""},"class_list":["post-98","page","type-page","status-publish","has-post-thumbnail","hentry"],"aioseo_notices":[],"_links":{"self":[{"href":"https:\/\/amag.com.es\/index.php\/wp-json\/wp\/v2\/pages\/98","targetHints":{"allow":["GET"]}}],"collection":[{"href":"https:\/\/amag.com.es\/index.php\/wp-json\/wp\/v2\/pages"}],"about":[{"href":"https:\/\/amag.com.es\/index.php\/wp-json\/wp\/v2\/types\/page"}],"author":[{"embeddable":true,"href":"https:\/\/amag.com.es\/index.php\/wp-json\/wp\/v2\/users\/1"}],"replies":[{"embeddable":true,"href":"https:\/\/amag.com.es\/index.php\/wp-json\/wp\/v2\/comments?post=98"}],"version-history":[{"count":2,"href":"https:\/\/amag.com.es\/index.php\/wp-json\/wp\/v2\/pages\/98\/revisions"}],"predecessor-version":[{"id":102,"href":"https:\/\/amag.com.es\/index.php\/wp-json\/wp\/v2\/pages\/98\/revisions\/102"}],"wp:featuredmedia":[{"embeddable":true,"href":"https:\/\/amag.com.es\/index.php\/wp-json\/wp\/v2\/media\/99"}],"wp:attachment":[{"href":"https:\/\/amag.com.es\/index.php\/wp-json\/wp\/v2\/media?parent=98"}],"curies":[{"name":"wp","href":"https:\/\/api.w.org\/{rel}","templated":true}]}}