{"id":76,"date":"2022-09-05T08:30:04","date_gmt":"2022-09-05T08:30:04","guid":{"rendered":"https:\/\/amag.com.es\/?page_id=76"},"modified":"2022-09-05T11:25:03","modified_gmt":"2022-09-05T11:25:03","slug":"materias-primas","status":"publish","type":"page","link":"https:\/\/amag.com.es\/index.php\/materias-primas\/","title":{"rendered":"Materias Primas"},"content":{"rendered":"\n<p>\u25a0 En nuestro concepto de servicio integral trabajamos con los mejores proveedores de tejidos con m\u00faltiples composiciones as\u00ed como gramajes y terminaciones en funci\u00f3n de las necesidades de nuestros clientes, pudiendo producir diferentes tipos de prendas seg\u00fan temporada de uso o rendimiento esperado.<\/p>\n\n\n\n<p>\u25a0 Trabajamos conjuntamente con nuestros clientes con el fin de encontrar las mejores soluciones a nivel de tejidos, fornituras, accesorios, etc\u2026<\/p>\n","protected":false},"excerpt":{"rendered":"<p>\u25a0 En nuestro concepto de servicio integral trabajamos con los mejores proveedores de tejidos con m\u00faltiples composiciones as\u00ed como gramajes y terminaciones en funci\u00f3n de las necesidades de nuestros clientes, pudiendo producir diferentes tipos de prendas seg\u00fan temporada de uso o rendimiento esperado. \u25a0 Trabajamos conjuntamente con nuestros clientes con el fin de encontrar las &hellip; <\/p>\n<p class=\"link-more\"><a href=\"https:\/\/amag.com.es\/index.php\/materias-primas\/\" class=\"more-link\">Continuar leyendo<span class=\"screen-reader-text\"> \u00abMaterias Primas\u00bb<\/span><\/a><\/p>\n","protected":false},"author":1,"featured_media":92,"parent":0,"menu_order":0,"comment_status":"closed","ping_status":"closed","template":"","meta":{"om_disable_all_campaigns":false,"_mi_skip_tracking":false,"_monsterinsights_sitenote_active":false,"_monsterinsights_sitenote_note":"","_monsterinsights_sitenote_category":0,"footnotes":""},"class_list":["post-76","page","type-page","status-publish","has-post-thumbnail","hentry"],"aioseo_notices":[],"_links":{"self":[{"href":"https:\/\/amag.com.es\/index.php\/wp-json\/wp\/v2\/pages\/76","targetHints":{"allow":["GET"]}}],"collection":[{"href":"https:\/\/amag.com.es\/index.php\/wp-json\/wp\/v2\/pages"}],"about":[{"href":"https:\/\/amag.com.es\/index.php\/wp-json\/wp\/v2\/types\/page"}],"author":[{"embeddable":true,"href":"https:\/\/amag.com.es\/index.php\/wp-json\/wp\/v2\/users\/1"}],"replies":[{"embeddable":true,"href":"https:\/\/amag.com.es\/index.php\/wp-json\/wp\/v2\/comments?post=76"}],"version-history":[{"count":2,"href":"https:\/\/amag.com.es\/index.php\/wp-json\/wp\/v2\/pages\/76\/revisions"}],"predecessor-version":[{"id":97,"href":"https:\/\/amag.com.es\/index.php\/wp-json\/wp\/v2\/pages\/76\/revisions\/97"}],"wp:featuredmedia":[{"embeddable":true,"href":"https:\/\/amag.com.es\/index.php\/wp-json\/wp\/v2\/media\/92"}],"wp:attachment":[{"href":"https:\/\/amag.com.es\/index.php\/wp-json\/wp\/v2\/media?parent=76"}],"curies":[{"name":"wp","href":"https:\/\/api.w.org\/{rel}","templated":true}]}}