{"id":11,"date":"2022-09-01T22:34:46","date_gmt":"2022-09-01T22:34:46","guid":{"rendered":"https:\/\/amag.com.es\/?page_id=11"},"modified":"2022-09-05T15:12:48","modified_gmt":"2022-09-05T15:12:48","slug":"about","status":"publish","type":"page","link":"https:\/\/amag.com.es\/index.php\/about\/","title":{"rendered":"Nuestros Servicios"},"content":{"rendered":"\n<p>Podemos confeccionar casi cualquier tipo de prenda textil en nuestros talleres de Espa\u00f1a y Marruecos, contamos con una extensa red de proveedores por lo que usamos las mejores materias primas para cada tipo de producto sin olvidar la personalizaci\u00f3n en los distintos formatos creando productos \u00fanicos para nuestros clientes.<\/p>\n\n\n\n<p>Tambi\u00e9n disponemos de art\u00edculos promocionales los cuales son totalmente personalizables.<\/p>\n","protected":false},"excerpt":{"rendered":"<p>Podemos confeccionar casi cualquier tipo de prenda textil en nuestros talleres de Espa\u00f1a y Marruecos, contamos con una extensa red de proveedores por lo que usamos las mejores materias primas para cada tipo de producto sin olvidar la personalizaci\u00f3n en los distintos formatos creando productos \u00fanicos para nuestros clientes. Tambi\u00e9n disponemos de art\u00edculos promocionales los &hellip; <\/p>\n<p class=\"link-more\"><a href=\"https:\/\/amag.com.es\/index.php\/about\/\" class=\"more-link\">Continuar leyendo<span class=\"screen-reader-text\"> \u00abNuestros Servicios\u00bb<\/span><\/a><\/p>\n","protected":false},"author":1,"featured_media":41,"parent":0,"menu_order":0,"comment_status":"closed","ping_status":"closed","template":"","meta":{"om_disable_all_campaigns":false,"_mi_skip_tracking":false,"_monsterinsights_sitenote_active":false,"_monsterinsights_sitenote_note":"","_monsterinsights_sitenote_category":0,"footnotes":""},"class_list":["post-11","page","type-page","status-publish","has-post-thumbnail","hentry"],"aioseo_notices":[],"_links":{"self":[{"href":"https:\/\/amag.com.es\/index.php\/wp-json\/wp\/v2\/pages\/11","targetHints":{"allow":["GET"]}}],"collection":[{"href":"https:\/\/amag.com.es\/index.php\/wp-json\/wp\/v2\/pages"}],"about":[{"href":"https:\/\/amag.com.es\/index.php\/wp-json\/wp\/v2\/types\/page"}],"author":[{"embeddable":true,"href":"https:\/\/amag.com.es\/index.php\/wp-json\/wp\/v2\/users\/1"}],"replies":[{"embeddable":true,"href":"https:\/\/amag.com.es\/index.php\/wp-json\/wp\/v2\/comments?post=11"}],"version-history":[{"count":3,"href":"https:\/\/amag.com.es\/index.php\/wp-json\/wp\/v2\/pages\/11\/revisions"}],"predecessor-version":[{"id":67,"href":"https:\/\/amag.com.es\/index.php\/wp-json\/wp\/v2\/pages\/11\/revisions\/67"}],"wp:featuredmedia":[{"embeddable":true,"href":"https:\/\/amag.com.es\/index.php\/wp-json\/wp\/v2\/media\/41"}],"wp:attachment":[{"href":"https:\/\/amag.com.es\/index.php\/wp-json\/wp\/v2\/media?parent=11"}],"curies":[{"name":"wp","href":"https:\/\/api.w.org\/{rel}","templated":true}]}}